{"id":4479,"date":"2020-02-19T11:47:44","date_gmt":"2020-02-19T10:47:44","guid":{"rendered":"https:\/\/erinnerungsort-badehaus.de\/mitglied-werden\/"},"modified":"2020-09-01T15:18:37","modified_gmt":"2020-09-01T13:18:37","slug":"mitglied-werden","status":"publish","type":"page","link":"https:\/\/erinnerungsort-badehaus.de\/en\/verein\/mitglied-werden\/","title":{"rendered":"Become a member"},"content":{"rendered":"<div id=\"pl-4479\"  class=\"panel-layout\" ><div id=\"pg-4479-0\"  class=\"panel-grid panel-has-style\" ><div class=\"siteorigin-panels-stretch panel-row-style panel-row-style-for-4479-0\" data-stretch-type=\"full-stretched\" ><div id=\"pgc-4479-0-0\"  class=\"panel-grid-cell\" ><div id=\"panel-4479-0-0-0\" class=\"so-panel widget widget_skewed-title-widget panel-first-child\" data-index=\"0\" ><div\n\t\t\t\n\t\t\tclass=\"so-widget-skewed-title-widget so-widget-skewed-title-widget-base\"\n\t\t\t\n\t\t><div class=\"skewed-title-bar\">\n    <div class=\"container\">\n        <h4 style=\"background:#dddddc; color:#193040;\">\n            <span>BECOME A MEMBER<\/span>\n        <\/h4>\n    <\/div>\n<\/div><\/div><\/div><div id=\"panel-4479-0-0-1\" class=\"so-panel widget widget_spacer-widget panel-last-child\" data-index=\"1\" ><div\n\t\t\t\n\t\t\tclass=\"so-widget-spacer-widget so-widget-spacer-widget-base\"\n\t\t\t\n\t\t>\n<div class=\"clearfix\" style=\"height:70px\"><\/div><\/div><\/div><\/div><\/div><\/div><div id=\"pg-4479-1\"  class=\"panel-grid panel-has-style\" ><div class=\"panel-row-style panel-row-style-for-4479-1\" ><div id=\"pgc-4479-1-0\"  class=\"panel-grid-cell panel-grid-cell-empty\" ><\/div><div id=\"pgc-4479-1-1\"  class=\"panel-grid-cell panel-grid-cell-mobile-last\" ><div id=\"panel-4479-1-1-0\" class=\"so-panel widget widget_spacer-widget panel-first-child\" data-index=\"2\" ><div class=\"panel-widget-style panel-widget-style-for-4479-1-1-0\" ><div\n\t\t\t\n\t\t\tclass=\"so-widget-spacer-widget so-widget-spacer-widget-base\"\n\t\t\t\n\t\t>\n<div class=\"clearfix\" style=\"height:30px\"><\/div><\/div><\/div><\/div><div id=\"panel-4479-1-1-1\" class=\"so-panel widget widget_black-studio-tinymce widget_black_studio_tinymce\" data-index=\"3\" ><div class=\"panel-widget-style panel-widget-style-for-4479-1-1-1\" ><div class=\"textwidget\"><h1 class=\"mobile-hide-special-zb\" style=\"color: #00a592;\">Memorizing, meeting, making and shaping things together!<\/h1>\n<\/div><\/div><\/div><div id=\"panel-4479-1-1-2\" class=\"so-panel widget widget_sow-image\" data-index=\"4\" ><div\n\t\t\t\n\t\t\tclass=\"so-widget-sow-image so-widget-sow-image-default-4e6925654b7a-4479\"\n\t\t\t\n\t\t>\n<div class=\"sow-image-container\">\n\t\t<img fetchpriority=\"high\" \n\tsrc=\"https:\/\/erinnerungsort-badehaus.de\/wp-content\/uploads\/2020\/04\/Logos_Verein.jpg\" width=\"370\" height=\"143\" srcset=\"https:\/\/erinnerungsort-badehaus.de\/wp-content\/uploads\/2020\/04\/Logos_Verein.jpg 370w, https:\/\/erinnerungsort-badehaus.de\/wp-content\/uploads\/2020\/04\/Logos_Verein-300x116.jpg 300w\" sizes=\"(max-width: 370px) 100vw, 370px\" alt=\"\" \t\tclass=\"so-widget-image\"\/>\n\t<\/div>\n\n<\/div><\/div><div id=\"panel-4479-1-1-3\" class=\"so-panel widget widget_black-studio-tinymce widget_black_studio_tinymce\" data-index=\"5\" ><div class=\"panel-widget-style panel-widget-style-for-4479-1-1-3\" ><div class=\"textwidget\"><p class=\"mobile-hide-special-zb\" style=\"margin-bottom: 0; color: #464545;\">Become a member of the \"Verein B\u00fcrger f\u00fcrs BADEHAUS Waldram-F\u00f6hrenwald e.V.\":<\/p>\n<\/div><\/div><\/div><div id=\"panel-4479-1-1-4\" class=\"so-panel widget widget_spacer-widget\" data-index=\"6\" ><div class=\"panel-widget-style panel-widget-style-for-4479-1-1-4\" ><div\n\t\t\t\n\t\t\tclass=\"so-widget-spacer-widget so-widget-spacer-widget-base\"\n\t\t\t\n\t\t>\n<div class=\"clearfix\" style=\"height:50px\"><\/div><\/div><\/div><\/div><div id=\"panel-4479-1-1-5\" class=\"so-panel widget widget_sow-button\" data-index=\"7\" ><div class=\"panel-widget-style panel-widget-style-for-4479-1-1-5\" ><div\n\t\t\t\n\t\t\tclass=\"so-widget-sow-button so-widget-sow-button-flat-53e113d7698f-4479\"\n\t\t\t\n\t\t><div class=\"ow-button-base ow-button-align-left\"\n>\n\t\t\t<a\n\t\t\t\t\thref=\"https:\/\/erinnerungsort-badehaus.de\/wp-content\/uploads\/2020\/04\/BfB_beitrittserkl\u00e4rung_formular.pdf\"\n\t\t\t\t\tclass=\"sowb-button ow-icon-placement-right ow-button-hover\" target=\"_blank\" rel=\"noopener noreferrer\" \t>\n\t\t<span>\n\t\t\t<span class=\"sow-icon-fontawesome sow-fas\" data-sow-icon=\"&#xf061;\"\n\t\tstyle=\"color: #ffffff\" \n\t\taria-hidden=\"true\"><\/span>\n\t\t\tMembership form \t\t<\/span>\n\t\t\t<\/a>\n\t<\/div>\n<\/div><\/div><\/div><div id=\"panel-4479-1-1-6\" class=\"so-panel widget widget_spacer-widget\" data-index=\"8\" ><div class=\"panel-widget-style panel-widget-style-for-4479-1-1-6\" ><div\n\t\t\t\n\t\t\tclass=\"so-widget-spacer-widget so-widget-spacer-widget-base\"\n\t\t\t\n\t\t>\n<div class=\"clearfix\" style=\"height:30px\"><\/div><\/div><\/div><\/div><div id=\"panel-4479-1-1-7\" class=\"so-panel widget widget_sow-button\" data-index=\"9\" ><div class=\"panel-widget-style panel-widget-style-for-4479-1-1-7\" ><div\n\t\t\t\n\t\t\tclass=\"so-widget-sow-button so-widget-sow-button-flat-53e113d7698f-4479\"\n\t\t\t\n\t\t><div class=\"ow-button-base ow-button-align-left\"\n>\n\t\t\t<a\n\t\t\t\t\thref=\"https:\/\/erinnerungsort-badehaus.de\/wp-content\/uploads\/2020\/03\/BfB_satzung.pdf\"\n\t\t\t\t\tclass=\"sowb-button ow-icon-placement-right ow-button-hover\" target=\"_blank\" rel=\"noopener noreferrer\" \t>\n\t\t<span>\n\t\t\t<span class=\"sow-icon-fontawesome sow-fas\" data-sow-icon=\"&#xf061;\"\n\t\tstyle=\"color: #ffffff\" \n\t\taria-hidden=\"true\"><\/span>\n\t\t\tArticles of Association \t\t<\/span>\n\t\t\t<\/a>\n\t<\/div>\n<\/div><\/div><\/div><div id=\"panel-4479-1-1-8\" class=\"so-panel widget widget_spacer-widget\" data-index=\"10\" ><div class=\"panel-widget-style panel-widget-style-for-4479-1-1-8\" ><div\n\t\t\t\n\t\t\tclass=\"so-widget-spacer-widget so-widget-spacer-widget-base\"\n\t\t\t\n\t\t>\n<div class=\"clearfix\" style=\"height:30px\"><\/div><\/div><\/div><\/div><div id=\"panel-4479-1-1-9\" class=\"so-panel widget widget_sow-button\" data-index=\"11\" ><div class=\"panel-widget-style panel-widget-style-for-4479-1-1-9\" ><div\n\t\t\t\n\t\t\tclass=\"so-widget-sow-button so-widget-sow-button-flat-53e113d7698f-4479\"\n\t\t\t\n\t\t><div class=\"ow-button-base ow-button-align-left\"\n>\n\t\t\t<a\n\t\t\t\t\thref=\"https:\/\/erinnerungsort-badehaus.de\/wp-content\/uploads\/2020\/03\/BfB_beitragsordnung.pdf\"\n\t\t\t\t\tclass=\"sowb-button ow-icon-placement-right ow-button-hover\" target=\"_blank\" rel=\"noopener noreferrer\" \t>\n\t\t<span>\n\t\t\t<span class=\"sow-icon-fontawesome sow-fas\" data-sow-icon=\"&#xf061;\"\n\t\tstyle=\"color: #ffffff\" \n\t\taria-hidden=\"true\"><\/span>\n\t\t\tFee structure\t\t<\/span>\n\t\t\t<\/a>\n\t<\/div>\n<\/div><\/div><\/div><div id=\"panel-4479-1-1-10\" class=\"so-panel widget widget_spacer-widget\" data-index=\"12\" ><div class=\"panel-widget-style panel-widget-style-for-4479-1-1-10\" ><div\n\t\t\t\n\t\t\tclass=\"so-widget-spacer-widget so-widget-spacer-widget-base\"\n\t\t\t\n\t\t>\n<div class=\"clearfix\" style=\"height:50px\"><\/div><\/div><\/div><\/div><div id=\"panel-4479-1-1-11\" class=\"so-panel widget widget_black-studio-tinymce widget_black_studio_tinymce\" data-index=\"13\" ><div class=\"panel-widget-style panel-widget-style-for-4479-1-1-11\" ><div class=\"textwidget\"><p class=\"mobile-hide-special-zb\" style=\"margin-bottom: 0; color: #464545;\">Just download the membership form, complete it and send it back to us.<\/p>\n<p>&nbsp;<\/p>\n<p class=\"mobile-hide-special-zb\" style=\"color: #00a592; margin-bottom: 0;\">info@erinnerungsort-badehaus.de<\/p>\n<p>&nbsp;<\/p>\n<p class=\"mobile-hide-special-zb\" style=\"margin-bottom: 0; color: #464545;\">or by post to<\/p>\n<p class=\"mobile-hide-special-zb\" style=\"margin-bottom: 0; color: #464545;\">Erinnerungsort BADEHAUS<br \/>\nKolpingplatz 1<br \/>\n82515 Wolfratshausen<\/p>\n<\/div><\/div><\/div><div id=\"panel-4479-1-1-12\" class=\"so-panel widget widget_spacer-widget panel-last-child\" data-index=\"14\" ><div class=\"panel-widget-style panel-widget-style-for-4479-1-1-12\" ><div\n\t\t\t\n\t\t\tclass=\"so-widget-spacer-widget so-widget-spacer-widget-base\"\n\t\t\t\n\t\t>\n<div class=\"clearfix\" style=\"height:30px\"><\/div><\/div><\/div><\/div><\/div><div id=\"pgc-4479-1-2\"  class=\"panel-grid-cell panel-grid-cell-empty\" ><\/div><\/div><\/div><div id=\"pg-4479-2\"  class=\"panel-grid panel-has-style\" ><div class=\"siteorigin-panels-stretch panel-row-style panel-row-style-for-4479-2\" data-stretch-type=\"full\" ><div id=\"pgc-4479-2-0\"  class=\"panel-grid-cell\" ><div id=\"panel-4479-2-0-0\" class=\"so-panel widget widget_spacer-widget panel-first-child panel-last-child\" data-index=\"15\" ><div\n\t\t\t\n\t\t\tclass=\"so-widget-spacer-widget so-widget-spacer-widget-base\"\n\t\t\t\n\t\t>\n<div class=\"clearfix\" style=\"height:70px\"><\/div><\/div><\/div><\/div><\/div><\/div><\/div>","protected":false},"excerpt":{"rendered":"<p>Memorizing, meeting, making and shaping things together! Become a member of the &#8220;Verein B\u00fcrger f\u00fcrs BADEHAUS Waldram-F\u00f6hrenwald e.V.&#8221;: Just download the membership form, complete it and send it back to us. &nbsp; info@erinnerungsort-badehaus.de &nbsp; or by post to Erinnerungsort BADEHAUS Kolpingplatz 1 82515 Wolfratshausen<\/p>\n","protected":false},"author":1,"featured_media":0,"parent":4464,"menu_order":0,"comment_status":"closed","ping_status":"closed","template":"","meta":{"footnotes":""},"class_list":["post-4479","page","type-page","status-publish","hentry"],"yoast_head":"<!-- This site is optimized with the Yoast SEO plugin v27.3 - https:\/\/yoast.com\/product\/yoast-seo-wordpress\/ -->\n<title>Become a member - Erinnerungsort BADEHAUS<\/title>\n<meta name=\"robots\" content=\"index, follow, max-snippet:-1, max-image-preview:large, max-video-preview:-1\" \/>\n<link rel=\"canonical\" href=\"https:\/\/erinnerungsort-badehaus.de\/en\/verein\/mitglied-werden\/\" \/>\n<meta property=\"og:locale\" content=\"en_US\" \/>\n<meta property=\"og:type\" content=\"article\" \/>\n<meta property=\"og:title\" content=\"Become a member - Erinnerungsort BADEHAUS\" \/>\n<meta property=\"og:description\" content=\"Memorizing, meeting, making and shaping things together! Become a member of the &quot;Verein B\u00fcrger f\u00fcrs BADEHAUS Waldram-F\u00f6hrenwald e.V.&quot;: Just download the membership form, complete it and send it back to us. &nbsp; info@erinnerungsort-badehaus.de &nbsp; or by post to Erinnerungsort BADEHAUS Kolpingplatz 1 82515 Wolfratshausen\" \/>\n<meta property=\"og:url\" content=\"https:\/\/erinnerungsort-badehaus.de\/en\/verein\/mitglied-werden\/\" \/>\n<meta property=\"og:site_name\" content=\"Erinnerungsort BADEHAUS\" \/>\n<meta property=\"article:publisher\" content=\"https:\/\/www.facebook.com\/Erinnerungsort-Badehaus-100255531524437\/\" \/>\n<meta property=\"article:modified_time\" content=\"2020-09-01T13:18:37+00:00\" \/>\n<meta name=\"twitter:card\" content=\"summary_large_image\" \/>\n<meta name=\"twitter:label1\" content=\"Est. reading time\" \/>\n\t<meta name=\"twitter:data1\" content=\"1 minute\" \/>\n<script type=\"application\/ld+json\" class=\"yoast-schema-graph\">{\"@context\":\"https:\\\/\\\/schema.org\",\"@graph\":[{\"@type\":\"WebPage\",\"@id\":\"https:\\\/\\\/erinnerungsort-badehaus.de\\\/en\\\/verein\\\/mitglied-werden\\\/\",\"url\":\"https:\\\/\\\/erinnerungsort-badehaus.de\\\/en\\\/verein\\\/mitglied-werden\\\/\",\"name\":\"Become a member - Erinnerungsort BADEHAUS\",\"isPartOf\":{\"@id\":\"https:\\\/\\\/erinnerungsort-badehaus.de\\\/en\\\/#website\"},\"datePublished\":\"2020-02-19T10:47:44+00:00\",\"dateModified\":\"2020-09-01T13:18:37+00:00\",\"breadcrumb\":{\"@id\":\"https:\\\/\\\/erinnerungsort-badehaus.de\\\/en\\\/verein\\\/mitglied-werden\\\/#breadcrumb\"},\"inLanguage\":\"en-US\",\"potentialAction\":[{\"@type\":\"ReadAction\",\"target\":[\"https:\\\/\\\/erinnerungsort-badehaus.de\\\/en\\\/verein\\\/mitglied-werden\\\/\"]}]},{\"@type\":\"BreadcrumbList\",\"@id\":\"https:\\\/\\\/erinnerungsort-badehaus.de\\\/en\\\/verein\\\/mitglied-werden\\\/#breadcrumb\",\"itemListElement\":[{\"@type\":\"ListItem\",\"position\":1,\"name\":\"Startseite\",\"item\":\"https:\\\/\\\/erinnerungsort-badehaus.de\\\/en\\\/\"},{\"@type\":\"ListItem\",\"position\":2,\"name\":\"Association\",\"item\":\"https:\\\/\\\/erinnerungsort-badehaus.de\\\/en\\\/verein\\\/\"},{\"@type\":\"ListItem\",\"position\":3,\"name\":\"Become a member\"}]},{\"@type\":\"WebSite\",\"@id\":\"https:\\\/\\\/erinnerungsort-badehaus.de\\\/en\\\/#website\",\"url\":\"https:\\\/\\\/erinnerungsort-badehaus.de\\\/en\\\/\",\"name\":\"Erinnerungsort BADEHAUS\",\"description\":\"Ort der Erinnerung, der Begegnung und des Lernens.\",\"publisher\":{\"@id\":\"https:\\\/\\\/erinnerungsort-badehaus.de\\\/en\\\/#organization\"},\"potentialAction\":[{\"@type\":\"SearchAction\",\"target\":{\"@type\":\"EntryPoint\",\"urlTemplate\":\"https:\\\/\\\/erinnerungsort-badehaus.de\\\/en\\\/?s={search_term_string}\"},\"query-input\":{\"@type\":\"PropertyValueSpecification\",\"valueRequired\":true,\"valueName\":\"search_term_string\"}}],\"inLanguage\":\"en-US\"},{\"@type\":\"Organization\",\"@id\":\"https:\\\/\\\/erinnerungsort-badehaus.de\\\/en\\\/#organization\",\"name\":\"Erinnerungsort BADEHAUS\",\"url\":\"https:\\\/\\\/erinnerungsort-badehaus.de\\\/en\\\/\",\"logo\":{\"@type\":\"ImageObject\",\"inLanguage\":\"en-US\",\"@id\":\"https:\\\/\\\/erinnerungsort-badehaus.de\\\/en\\\/#\\\/schema\\\/logo\\\/image\\\/\",\"url\":\"https:\\\/\\\/erinnerungsort-badehaus.de\\\/wp-content\\\/uploads\\\/2019\\\/06\\\/Logo-Gruen.jpg\",\"contentUrl\":\"https:\\\/\\\/erinnerungsort-badehaus.de\\\/wp-content\\\/uploads\\\/2019\\\/06\\\/Logo-Gruen.jpg\",\"width\":3508,\"height\":2480,\"caption\":\"Erinnerungsort BADEHAUS\"},\"image\":{\"@id\":\"https:\\\/\\\/erinnerungsort-badehaus.de\\\/en\\\/#\\\/schema\\\/logo\\\/image\\\/\"},\"sameAs\":[\"https:\\\/\\\/www.facebook.com\\\/Erinnerungsort-Badehaus-100255531524437\\\/\",\"https:\\\/\\\/www.youtube.com\\\/channel\\\/UCIRHIIZ9v5GNkxvbUZjuBaQ\"]}]}<\/script>\n<!-- \/ Yoast SEO plugin. -->","yoast_head_json":{"title":"Become a member - Erinnerungsort BADEHAUS","robots":{"index":"index","follow":"follow","max-snippet":"max-snippet:-1","max-image-preview":"max-image-preview:large","max-video-preview":"max-video-preview:-1"},"canonical":"https:\/\/erinnerungsort-badehaus.de\/en\/verein\/mitglied-werden\/","og_locale":"en_US","og_type":"article","og_title":"Become a member - Erinnerungsort BADEHAUS","og_description":"Memorizing, meeting, making and shaping things together! Become a member of the \"Verein B\u00fcrger f\u00fcrs BADEHAUS Waldram-F\u00f6hrenwald e.V.\": Just download the membership form, complete it and send it back to us. &nbsp; info@erinnerungsort-badehaus.de &nbsp; or by post to Erinnerungsort BADEHAUS Kolpingplatz 1 82515 Wolfratshausen","og_url":"https:\/\/erinnerungsort-badehaus.de\/en\/verein\/mitglied-werden\/","og_site_name":"Erinnerungsort BADEHAUS","article_publisher":"https:\/\/www.facebook.com\/Erinnerungsort-Badehaus-100255531524437\/","article_modified_time":"2020-09-01T13:18:37+00:00","twitter_card":"summary_large_image","twitter_misc":{"Est. reading time":"1 minute"},"schema":{"@context":"https:\/\/schema.org","@graph":[{"@type":"WebPage","@id":"https:\/\/erinnerungsort-badehaus.de\/en\/verein\/mitglied-werden\/","url":"https:\/\/erinnerungsort-badehaus.de\/en\/verein\/mitglied-werden\/","name":"Become a member - Erinnerungsort BADEHAUS","isPartOf":{"@id":"https:\/\/erinnerungsort-badehaus.de\/en\/#website"},"datePublished":"2020-02-19T10:47:44+00:00","dateModified":"2020-09-01T13:18:37+00:00","breadcrumb":{"@id":"https:\/\/erinnerungsort-badehaus.de\/en\/verein\/mitglied-werden\/#breadcrumb"},"inLanguage":"en-US","potentialAction":[{"@type":"ReadAction","target":["https:\/\/erinnerungsort-badehaus.de\/en\/verein\/mitglied-werden\/"]}]},{"@type":"BreadcrumbList","@id":"https:\/\/erinnerungsort-badehaus.de\/en\/verein\/mitglied-werden\/#breadcrumb","itemListElement":[{"@type":"ListItem","position":1,"name":"Startseite","item":"https:\/\/erinnerungsort-badehaus.de\/en\/"},{"@type":"ListItem","position":2,"name":"Association","item":"https:\/\/erinnerungsort-badehaus.de\/en\/verein\/"},{"@type":"ListItem","position":3,"name":"Become a member"}]},{"@type":"WebSite","@id":"https:\/\/erinnerungsort-badehaus.de\/en\/#website","url":"https:\/\/erinnerungsort-badehaus.de\/en\/","name":"Erinnerungsort BADEHAUS","description":"Ort der Erinnerung, der Begegnung und des Lernens.","publisher":{"@id":"https:\/\/erinnerungsort-badehaus.de\/en\/#organization"},"potentialAction":[{"@type":"SearchAction","target":{"@type":"EntryPoint","urlTemplate":"https:\/\/erinnerungsort-badehaus.de\/en\/?s={search_term_string}"},"query-input":{"@type":"PropertyValueSpecification","valueRequired":true,"valueName":"search_term_string"}}],"inLanguage":"en-US"},{"@type":"Organization","@id":"https:\/\/erinnerungsort-badehaus.de\/en\/#organization","name":"Erinnerungsort BADEHAUS","url":"https:\/\/erinnerungsort-badehaus.de\/en\/","logo":{"@type":"ImageObject","inLanguage":"en-US","@id":"https:\/\/erinnerungsort-badehaus.de\/en\/#\/schema\/logo\/image\/","url":"https:\/\/erinnerungsort-badehaus.de\/wp-content\/uploads\/2019\/06\/Logo-Gruen.jpg","contentUrl":"https:\/\/erinnerungsort-badehaus.de\/wp-content\/uploads\/2019\/06\/Logo-Gruen.jpg","width":3508,"height":2480,"caption":"Erinnerungsort BADEHAUS"},"image":{"@id":"https:\/\/erinnerungsort-badehaus.de\/en\/#\/schema\/logo\/image\/"},"sameAs":["https:\/\/www.facebook.com\/Erinnerungsort-Badehaus-100255531524437\/","https:\/\/www.youtube.com\/channel\/UCIRHIIZ9v5GNkxvbUZjuBaQ"]}]}},"_links":{"self":[{"href":"https:\/\/erinnerungsort-badehaus.de\/en\/wp-json\/wp\/v2\/pages\/4479","targetHints":{"allow":["GET"]}}],"collection":[{"href":"https:\/\/erinnerungsort-badehaus.de\/en\/wp-json\/wp\/v2\/pages"}],"about":[{"href":"https:\/\/erinnerungsort-badehaus.de\/en\/wp-json\/wp\/v2\/types\/page"}],"author":[{"embeddable":true,"href":"https:\/\/erinnerungsort-badehaus.de\/en\/wp-json\/wp\/v2\/users\/1"}],"replies":[{"embeddable":true,"href":"https:\/\/erinnerungsort-badehaus.de\/en\/wp-json\/wp\/v2\/comments?post=4479"}],"version-history":[{"count":0,"href":"https:\/\/erinnerungsort-badehaus.de\/en\/wp-json\/wp\/v2\/pages\/4479\/revisions"}],"up":[{"embeddable":true,"href":"https:\/\/erinnerungsort-badehaus.de\/en\/wp-json\/wp\/v2\/pages\/4464"}],"wp:attachment":[{"href":"https:\/\/erinnerungsort-badehaus.de\/en\/wp-json\/wp\/v2\/media?parent=4479"}],"curies":[{"name":"wp","href":"https:\/\/api.w.org\/{rel}","templated":true}]}}